{"id":119,"date":"2025-10-26T11:25:09","date_gmt":"2025-10-26T11:25:09","guid":{"rendered":"https:\/\/kizuart.com\/?post_type=product&#038;p=119"},"modified":"2025-10-28T11:48:14","modified_gmt":"2025-10-28T11:48:14","slug":"gra-pozorow","status":"publish","type":"product","link":"https:\/\/kizuart.com\/index.php\/product\/gra-pozorow\/","title":{"rendered":"&#8222;AS&#8221;"},"content":{"rendered":"<p>&nbsp;<\/p>\n<p>&nbsp;<\/p>\n<p>orygina\u0142 na p\u0142\u00f3tnie<\/p>\n<p>&nbsp;<\/p>\n<p><strong>Wymiary:<\/strong> 30 x 40 cm<\/p>\n<p><strong>Technika:<\/strong> akryl na p\u0142\u00f3tnie bawe\u0142nianym<\/p>\n<p><strong>Rok:<\/strong> 2025<\/p>\n","protected":false},"excerpt":{"rendered":"<p>&nbsp;<\/p>\n<p>&nbsp;<\/p>\n<p>orygina\u0142 na p\u0142\u00f3tnie<\/p>\n<p>&nbsp;<\/p>\n<p><strong>Wymiary:<\/strong> 30 x 40 cm<\/p>\n<p><strong>Technika:<\/strong> akryl na p\u0142\u00f3tnie bawe\u0142nianym<\/p>\n<p><strong>Rok:<\/strong> 2025<\/p>\n","protected":false},"featured_media":178,"comment_status":"open","ping_status":"closed","template":"","meta":[],"product_brand":[],"product_cat":[20],"product_tag":[],"class_list":{"0":"post-119","1":"product","2":"type-product","3":"status-publish","4":"has-post-thumbnail","6":"product_cat-talia","7":"product_shipping_class-one-piece-max-50-x-50","9":"first","10":"instock","11":"shipping-taxable","12":"purchasable","13":"product-type-simple"},"_links":{"self":[{"href":"https:\/\/kizuart.com\/index.php\/wp-json\/wp\/v2\/product\/119","targetHints":{"allow":["GET"]}}],"collection":[{"href":"https:\/\/kizuart.com\/index.php\/wp-json\/wp\/v2\/product"}],"about":[{"href":"https:\/\/kizuart.com\/index.php\/wp-json\/wp\/v2\/types\/product"}],"replies":[{"embeddable":true,"href":"https:\/\/kizuart.com\/index.php\/wp-json\/wp\/v2\/comments?post=119"}],"wp:featuredmedia":[{"embeddable":true,"href":"https:\/\/kizuart.com\/index.php\/wp-json\/wp\/v2\/media\/178"}],"wp:attachment":[{"href":"https:\/\/kizuart.com\/index.php\/wp-json\/wp\/v2\/media?parent=119"}],"wp:term":[{"taxonomy":"product_brand","embeddable":true,"href":"https:\/\/kizuart.com\/index.php\/wp-json\/wp\/v2\/product_brand?post=119"},{"taxonomy":"product_cat","embeddable":true,"href":"https:\/\/kizuart.com\/index.php\/wp-json\/wp\/v2\/product_cat?post=119"},{"taxonomy":"product_tag","embeddable":true,"href":"https:\/\/kizuart.com\/index.php\/wp-json\/wp\/v2\/product_tag?post=119"}],"curies":[{"name":"wp","href":"https:\/\/api.w.org\/{rel}","templated":true}]}}